{"id":2291,"date":"2017-07-25T15:12:12","date_gmt":"2017-07-25T13:12:12","guid":{"rendered":"http:\/\/www.jeanetteflick.de\/de\/?page_id=2291"},"modified":"2018-07-24T15:29:13","modified_gmt":"2018-07-24T13:29:13","slug":"profil","status":"publish","type":"page","link":"http:\/\/www.jeanetteflick.de\/de\/profil\/","title":{"rendered":"Ni&#8220; Jeanette Flick, Design"},"content":{"rendered":"<p><a href=\"http:\/\/www.jeanetteflick.de\/de\/wp-content\/uploads\/sites\/4\/2017\/07\/nini-foto4.jpg\"><img loading=\"lazy\" class=\"alignleft wp-image-2706 size-medium\" src=\"http:\/\/www.jeanetteflick.de\/de\/wp-content\/uploads\/sites\/4\/2017\/07\/nini-foto4-300x300.jpg\" alt=\"Jeanette Flick\" width=\"300\" height=\"300\" srcset=\"http:\/\/www.jeanetteflick.de\/de\/wp-content\/uploads\/sites\/4\/2017\/07\/nini-foto4-300x300.jpg 300w, http:\/\/www.jeanetteflick.de\/de\/wp-content\/uploads\/sites\/4\/2017\/07\/nini-foto4-150x150.jpg 150w, http:\/\/www.jeanetteflick.de\/de\/wp-content\/uploads\/sites\/4\/2017\/07\/nini-foto4.jpg 768w\" sizes=\"(max-width: 300px) 100vw, 300px\" \/><\/a>Mein Name ist Jeanette. Ich gestalte Service-, Marken- und Unternehmensauftritte\u00a0und entwickle\u00a0visuelle Konzepte\u00a0f\u00fcr Pr\u00e4sentationen, Kampagnen und\u00a0Projektideen.<\/p>\n<p>Egal, wie komplex\u00a0oder einfach eine Idee zu sein scheint, sie stellt mir jedes mal\u00a0die\u00a0spannende Frage: &#8222;Wie kannst du mich\u00a0gestalten, dass du meinen\u00a0Kern triffst\u00a0..ich verstanden werde\u00a0..meine Botschaft r\u00fcberkommt\u00a0..ich f\u00fcr mich selbst spreche?&#8220;<\/p>\n<p>Jedes Projekt\u00a0steht und f\u00e4llt mit der Vermittlung seines Potentials\u00a0und mit dem Gesp\u00fcr f\u00fcr die Werte, Themen und Bildsprachen der Menschen, die man erreichen m\u00f6chte. Im besten Fall\u00a0fliessen all diese Dinge\u00a0nat\u00fcrlich und unverf\u00e4lscht mit ein und werden\u00a0dann im eigenen Stil klar und deutlich sichtbar.<\/p>\n<p>Durch\u00a0meine Arbeit begegne\u00a0ich immer wieder Menschen, deren Ideen\u00a0mich anstecken. Sie sind f\u00fcr mich der\u00a0Ansporn, die M\u00f6glichkeiten\u00a0des Designs weiter zu denken, zu experimentieren\u00a0und\u00a0herauszufinden, was Design kann.\u00a0Je aufmerksamer\u00a0wir uns einer Sache zuwenden, um so mehr finden wir darin wieder.<\/p>\n<p><img loading=\"lazy\" class=\"size-full wp-image-1811 alignnone\" src=\"http:\/\/www.jeanetteflick.de\/de\/wp-content\/uploads\/sites\/4\/2017\/07\/flick-design-signatur.png\" alt=\"\" width=\"250\" height=\"71\" \/><\/p>\n<h2><strong>Ni&#8220; how<\/strong><\/h2>\n<p><div class=\"lts_toggle \" id=\"\"><div class=\"trigger_wrap\"><a class=\"trigger\"><i class=\"fa fa-plus\"><\/i> T\u00e4tigkeitsfelder<\/a><\/div><div class=\"lts_toggle_content\" style=\"display:none;\"><span style=\"font-size: 21px;\">Design<\/span><\/p>\n<p>Corporate Design \/ Grafikdesign\u00a0\/ Webdesign<br \/>\nProjektbezogene\u00a0Umsetzung\u00a0von Illustrationen und Designelementen \/\u00a0Gestaltung von Icons, Wireframes, Contents f\u00fcr Websites<\/p>\n<div class=\"ast_divide  \" style=\"clear:both;border-bottom: 2px solid #ffffff; width:100%; height:2px; margin:15px 0;\"><\/div>\n<p><span style=\"font-size: 21px;\">Branding<\/span><\/p>\n<p>Entwicklung und Gestaltung neuer Unternehmens- und Markenidentit\u00e4ten\u00a0\/\u00a0Logodesign\u00a0\/\u00a0Illustration, Grafik und Gestaltung aller Elemente, die einer Einzelperson,\u00a0Unternehmung oder\u00a0Marke ein Gesicht geben\u00a0\/\u00a0Konzept \/\u00a0Storytelling\u00a0\/\u00a0Pr\u00e4sentation \/\u00a0Promotion \/\u00a0Merchandizing\u00a0\/\u00a0Messeauftritt<\/p>\n<div class=\"ast_divide  \" style=\"clear:both;border-bottom: 2px solid #ffffff; width:100%; height:2px; margin:15px 0;\"><\/div>\n<p><span style=\"font-size: 21px;\">Packaging\u00a0Design<\/span><\/p>\n<p>Entwicklung,\u00a0Gestaltung und Relaunch von Produkten\u00a0\/\u00a0Verpackungsgestaltung\u00a0\/ Erstellung von Dummies f\u00fcr die Testphase und alle weiteren gestalterischen Schritte bis zur Markteinf\u00fchrung<\/p>\n<div class=\"ast_divide  \" style=\"clear:both;border-bottom: 2px solid #ffffff; width:100%; height:2px; margin:15px 0;\"><\/div>\n<p><span style=\"font-size: 21px;\">Editorial<\/span><\/p>\n<p>Layout\u00a0\/\u00a0Grafische Gestaltung\u00a0\/\u00a0Bildbearbeitung\u00a0\/Farbmetrik \/\u00a0Druckvorstufe<div style=\"clear:both\"><\/div><\/div><\/div><br \/>\n<div class=\"lts_toggle \" id=\"\"><div class=\"trigger_wrap\"><a class=\"trigger\"><i class=\"fa fa-plus\"><\/i> Kunden<\/a><\/div><div class=\"lts_toggle_content\" style=\"display:none;\"><span style=\"font-size: 21px;\">Kunden<\/span><\/p>\n<p>Arizona Jeans<br \/>\nBuffalo<br \/>\nDeutsche Post<br \/>\nEarly 20<br \/>\nExpo2000<br \/>\nH.I.S.<br \/>\nHochtief<br \/>\nJobcenter Rhein-Erft<br \/>\nKangaROOS<br \/>\nLascana<br \/>\nMarie Claire<br \/>\nNewsha<br \/>\nOTTO GmbH<br \/>\nPetite Fleur<br \/>\nSchwab<br \/>\nSheego<br \/>\nS.Oliver<br \/>\nSparkasse<br \/>\nSportcheck<br \/>\nVenice Beach<br \/>\nver.di<br \/>\nWDR<br \/>\nWeltkindertag<br \/>\nZDF<\/p>\n<div class=\"ast_divide  \" style=\"clear:both;border-bottom: 2px solid #ffffff; width:100%; height:2px; margin:15px 0;\"><\/div>\n<p><span style=\"font-size: 21px;\">Ver\u00f6ffentlichungen<\/span><\/p>\n<p>Apex<br \/>\nBild<br \/>\nBrigitte<br \/>\nBundesministerium f\u00fcr Bildung und Forschung<br \/>\nCrash Verlag<br \/>\nGala<br \/>\nKunstforum<br \/>\nSchwab<br \/>\nVerlag HGGN<\/p>\n<div class=\"ast_divide  \" style=\"clear:both;border-bottom: 2px solid #ffffff; width:100%; height:2px; margin:15px 0;\"><\/div>\n<p><span style=\"font-size: 21px;\">Kundenstimmen<\/span><\/p>\n<div class=\"ast_divide  \" style=\"clear:both;border-bottom: 2px solid #ffffff; width:100%; height:2px; margin:15px 0;\"><\/div>\n<p>Jeanette Flick verbindet einzigartige nat\u00fcrlich sprudelnde Ideen-Kraft mit traumwandlerisch sicherer Gestaltung. Ihre freundliche und herzliche Art, absolut professionell zu sein, ist einzigartig.<\/p>\n<p><span style=\"font-size: 21px;\">Andreas Rauschenberg<br \/>\n<span style=\"font-size: 14px;\">Rauschenberg Kommunikation<\/span><\/span><\/p>\n<div class=\"ast_divide  \" style=\"clear:both;border-bottom: 2px solid #ffffff; width:100%; height:2px; margin:15px 0;\"><\/div>\n<p>Wir lieben unser neues Firmen-Signet. Authentisch ist es geworden mit einem kleinen Augenzwinkern. Wir sind nicht nur vom Ergebnis der Zusammenarbeit mit Jeanette Flick \u00fcberzeugt, sondern erlebten auch eine unkomplizierte und sehr angenehme Art der Zusammenarbeit: empathisch, direkt und zielorientiert.<\/p>\n<p><span style=\"font-size: 21px;\">Simone Brecht<br \/>\n<span style=\"font-size: 14px;\">Ribbon &amp; Partner<\/span><\/span><\/p>\n<div class=\"ast_divide  \" style=\"clear:both;border-bottom: 2px solid #ffffff; width:100%; height:2px; margin:15px 0;\"><\/div>\n<p>Bei Grafik- und Designfragen suchen wir die professionelle Unterst\u00fctzung von Jeanette Flick. Die nimmt das f\u00fcr uns in die Hand. Schnell, durchdacht und mit Humor und Hingabe.<\/p>\n<p><span style=\"font-size: 21px;\">Maximilian Freiherr von D\u00fcring<br \/>\n<span style=\"font-size: 14px;\">R\u00f6ver &amp; D\u00fcring<\/span><\/span><\/p>\n<div class=\"ast_divide  \" style=\"clear:both;border-bottom: 2px solid #ffffff; width:100%; height:2px; margin:15px 0;\"><\/div>\n<p>In den 12 Jahren als freiberuflicher Stylist \/ Fashion Consultant habe ich wiederholt Jeanettes Mitarbeit \/ Dienstleistung in Anspruch genommen und habe immer Top-Resultate bekommen!<\/p>\n<p><span style=\"font-size: 21px;\">Christof Post<br \/>\n<span style=\"font-size: 14px;\">Styling<\/span><\/span><\/p>\n<div class=\"ast_divide  \" style=\"clear:both;border-bottom: 2px solid #ffffff; width:100%; height:2px; margin:15px 0;\"><\/div>\n<p>Die Nini, die ist echt nett!<\/p>\n<p><span style=\"font-size: 21px;\">Milan Stolinska-Scholz (7)<br \/>\n<span style=\"font-size: 14px;\">Sohn von Agnieszka Stolinska-Scholz und Rob\u00e8re Scholz<\/span><\/span><span style=\"font-size: 14px;\">,\u00a0<a href=\"http:\/\/www.art-work-buero.de\" target=\"_blank\" rel=\"noopener noreferrer\">art_work_buero<\/a><\/span><\/p>\n<div class=\"ast_divide  \" style=\"clear:both;border-bottom: 2px solid #ffffff; width:100%; height:2px; margin:15px 0;\"><\/div>\n<p><div style=\"clear:both\"><\/div><\/div><\/div><\/p>\n<div class=\"lts_toggle \" id=\"\"><div class=\"trigger_wrap\"><a class=\"trigger\"><i class=\"fa fa-plus\"><\/i> Kenntnisse<\/a><\/div><div class=\"lts_toggle_content\" style=\"display:none;\">Illustrator<br \/>\nPhotoshop<br \/>\nInDesign<br \/>\nDreamweaver<br \/>\nCreative\u00a0Suite<br \/>\nWordpress<br \/>\nPrezi Presentation<br \/>\nPower Point<br \/>\nScreenflow<br \/>\nPages \/ Microsoft Word<br \/>\nNumbers \/ Excel<br \/>\nDruckvorstufe \/ Pantone<br \/>\nKonzept \/ Storytelling \/ Slogan \/ Social Media<br \/>\nFreie Zeichnung\u00a0\/\u00a0Kalligrafie\u00a0\/\u00a0Siebdruck \/\u00a0Fotografie<br \/>\nEDV und IT Standards f\u00fcr\u00a0Datentransfer, Formatierung und Kommunikation<div style=\"clear:both\"><\/div><\/div><\/div>\n<div class=\"lts_toggle \" id=\"\"><div class=\"trigger_wrap\"><a class=\"trigger\"><i class=\"fa fa-plus\"><\/i> Vita<\/a><\/div><div class=\"lts_toggle_content\" style=\"display:none;\">Ende der 90er Jahre studierte ich auf\u00a0der Ultimate Akademie, die vom Fluxusk\u00fcnstlers Al Hansen gegr\u00fcndet wurde, und besuchte Valie Exports\u00a0Vorlesungen auf der Medienhochschule, K\u00f6ln. \u00a0W\u00e4hrenddessen entstanden\u00a0unterschiedliche Arbeiten und Projekte u.a. mit der Galerie 68elf, Chaos Galerie, Verlag IL, Verlag HGGN, Crash Verlag, ASA Performance Art, Expo Hannover, Tag der offenen T\u00fcr im Kanzleramt, Aktionen der deutschen Post, WDR, ZDF etc.<\/p>\n<p>In den Jahren\u00a02008 &#8211; 2014 arbeitete\u00a0ich als Designerin\u00a0f\u00fcr Modelabels und gestaltete Styles, Allovers und\u00a0Artworks\u00a0f\u00fcr diverse\u00a0Kollektionen.<\/p>\n<p>Seit\u00a02014 entwickle\u00a0ich\u00a0das Corporate Design f\u00fcr verschiedene Markenlabels und Unternehmen.<\/p>\n<p>Bis heute betreue ich unterschiedlichste Projekte im Bereich Branding, Illustration, Grafik, Webdesign\u00a0und bin gespannt\u00a0auf jede\u00a0Projektidee, die die Zukunft mit sich bringt.<div style=\"clear:both\"><\/div><\/div><\/div>\n<div class=\"ast_divide  \" style=\"clear:both;border-bottom: 2px solid #ffffff; width:100%; height:2px; margin:15px 0;\"><\/div>\n<p>&nbsp;<\/p>\n<p>Fotografie:\u00a0Susanne Beimann<br \/>\n<span style=\"font-size: 21px;\"><a href=\"http:\/\/www.susannebeimann.de\" target=\"_blank\" rel=\"noopener noreferrer\"> susannebeimann.de<\/a><\/span><\/p>\n<p>&nbsp;<\/p>\n<p>&nbsp;<\/p>\n<p>&nbsp;<\/p>\n","protected":false},"excerpt":{"rendered":"<p>Mein Name ist Jeanette. Ich gestalte Service-, Marken- und Unternehmensauftritte\u00a0und entwickle\u00a0visuelle Konzepte\u00a0f\u00fcr Pr\u00e4sentationen, Kampagnen und\u00a0Projektideen. Egal, wie komplex\u00a0oder einfach eine Idee zu sein scheint, sie stellt mir jedes mal\u00a0die\u00a0spannende Frage: &#8222;Wie kannst du mich\u00a0gestalten, dass du meinen\u00a0Kern triffst\u00a0..ich verstanden werde\u00a0..meine Botschaft r\u00fcberkommt\u00a0..ich f\u00fcr mich selbst spreche?&#8220; Jedes Projekt\u00a0steht und f\u00e4llt mit der Vermittlung seines Potentials\u00a0und<br \/><a class=\"moretag\" href=\"http:\/\/www.jeanetteflick.de\/de\/profil\/\">+ Lesen Sie mehr<\/a><\/p>\n","protected":false},"author":1,"featured_media":0,"parent":0,"menu_order":0,"comment_status":"closed","ping_status":"closed","template":"","meta":[],"_links":{"self":[{"href":"http:\/\/www.jeanetteflick.de\/de\/wp-json\/wp\/v2\/pages\/2291"}],"collection":[{"href":"http:\/\/www.jeanetteflick.de\/de\/wp-json\/wp\/v2\/pages"}],"about":[{"href":"http:\/\/www.jeanetteflick.de\/de\/wp-json\/wp\/v2\/types\/page"}],"author":[{"embeddable":true,"href":"http:\/\/www.jeanetteflick.de\/de\/wp-json\/wp\/v2\/users\/1"}],"replies":[{"embeddable":true,"href":"http:\/\/www.jeanetteflick.de\/de\/wp-json\/wp\/v2\/comments?post=2291"}],"version-history":[{"count":305,"href":"http:\/\/www.jeanetteflick.de\/de\/wp-json\/wp\/v2\/pages\/2291\/revisions"}],"predecessor-version":[{"id":3402,"href":"http:\/\/www.jeanetteflick.de\/de\/wp-json\/wp\/v2\/pages\/2291\/revisions\/3402"}],"wp:attachment":[{"href":"http:\/\/www.jeanetteflick.de\/de\/wp-json\/wp\/v2\/media?parent=2291"}],"curies":[{"name":"wp","href":"https:\/\/api.w.org\/{rel}","templated":true}]}}